{"id":35134,"date":"2022-08-05T09:58:00","date_gmt":"2022-08-05T07:58:00","guid":{"rendered":"https:\/\/test.sp-ps.ch\/sabonner-a-la-lettre-dinformation\/"},"modified":"2022-10-03T14:58:38","modified_gmt":"2022-10-03T12:58:38","slug":"sabonner-a-la-lettre-dinformation","status":"publish","type":"page","link":"https:\/\/sf.spbe.ch\/fr\/sabonner-a-la-lettre-dinformation\/","title":{"rendered":"S&#8217;abonner \u00e0 la lettre d&#8217;information"},"content":{"rendered":"\t\t<div data-elementor-type=\"wp-page\" data-elementor-id=\"35134\" class=\"elementor elementor-35134 elementor-35123\" data-elementor-post-type=\"page\">\n\t\t\t\t\t\t<section class=\"elementor-section elementor-top-section elementor-element elementor-element-13d37b9 elementor-section-boxed elementor-section-height-default elementor-section-height-default\" data-id=\"13d37b9\" data-element_type=\"section\" data-settings=\"{&quot;jet_parallax_layout_list&quot;:[],&quot;background_background&quot;:&quot;classic&quot;}\">\n\t\t\t\t\t\t<div class=\"elementor-container elementor-column-gap-wide\">\n\t\t\t\t\t<div class=\"elementor-column elementor-col-100 elementor-top-column elementor-element elementor-element-29d8ccad\" data-id=\"29d8ccad\" data-element_type=\"column\">\n\t\t\t<div class=\"elementor-widget-wrap elementor-element-populated\">\n\t\t\t\t\t\t<div class=\"elementor-element elementor-element-759545b9 elementor-widget elementor-widget-heading\" data-id=\"759545b9\" data-element_type=\"widget\" data-widget_type=\"heading.default\">\n\t\t\t\t<div class=\"elementor-widget-container\">\n\t\t\t\t\t<h1 class=\"elementor-heading-title elementor-size-default\"> S'abonner \u00e0 la lettre d'information<\/h1>\t\t\t\t<\/div>\n\t\t\t\t<\/div>\n\t\t\n\t\t<div class=\"elementor-element elementor-element-471043b5 elementor-widget elementor-widget-jet-breadcrumbs\" data-id=\"471043b5\" data-element_type=\"widget\" data-widget_type=\"jet-breadcrumbs.default\">\n\t\t\t\t<div class=\"elementor-widget-container\">\n\t\t\t\t\t<div class=\"elementor-jet-breadcrumbs jet-blocks\">\n\t\t<div class=\"jet-breadcrumbs\">\n\t\t<div class=\"jet-breadcrumbs__content\">\n\t\t<div class=\"jet-breadcrumbs__wrap\">\n\t\t<\/div>\n\t\t<\/div>\n\t\t<\/div><\/div>\t\t\t\t<\/div>\n\t\t\t\t<\/div>\n\t\t\t\t<div class=\"elementor-element elementor-element-12caca1c elementor-widget elementor-widget-text-editor\" data-id=\"12caca1c\" data-element_type=\"widget\" data-widget_type=\"text-editor.default\">\n\t\t\t\t<div class=\"elementor-widget-container\">\n\t\t\t\t\t\t\t\t\tVous vous int\u00e9ressez aux activit\u00e9s du PS ? Nous vous tenons volontiers au courant. Abonnez-vous \u00e0 notre lettre d\u2019informations et recevez r\u00e9guli\u00e8rement des nouvelles sur l\u2019actualit\u00e9 politique et les votations \u00e0 venir. Vous pouvez \u00e9galement vous abonner \u00e0 nos communiqu\u00e9s de presse et \u00e0 notre service de presse \u00e9lectronique.\r\n<br>\r\nEn vous inscrivant \u00e0 la lettre d&#8217;information, vous acceptez que le PS vous tienne inform\u00e9.\t\t\t\t\t\t\t\t<\/div>\n\t\t\t\t<\/div>\n\t\t\t\t\t<\/div>\n\t\t<\/div>\n\t\t\t\t\t<\/div>\n\t\t<\/section>\n\t\t\t\t<section class=\"elementor-section elementor-top-section elementor-element elementor-element-d18c29c elementor-section-boxed elementor-section-height-default elementor-section-height-default\" data-id=\"d18c29c\" data-element_type=\"section\" data-settings=\"{&quot;jet_parallax_layout_list&quot;:[]}\">\n\t\t\t\t\t\t<div class=\"elementor-container elementor-column-gap-wide\">\n\t\t\t\t\t<div class=\"elementor-column elementor-col-100 elementor-top-column elementor-element elementor-element-9243c0d\" data-id=\"9243c0d\" data-element_type=\"column\">\n\t\t\t<div class=\"elementor-widget-wrap elementor-element-populated\">\n\t\t\t\t\t\t<div class=\"elementor-element elementor-element-2331c49 elementor-widget elementor-widget-spacer\" data-id=\"2331c49\" data-element_type=\"widget\" data-widget_type=\"spacer.default\">\n\t\t\t\t<div class=\"elementor-widget-container\">\n\t\t\t\t\t\t\t<div class=\"elementor-spacer\">\n\t\t\t<div class=\"elementor-spacer-inner\"><\/div>\n\t\t<\/div>\n\t\t\t\t\t\t<\/div>\n\t\t\t\t<\/div>\n\t\t\t\t\t<\/div>\n\t\t<\/div>\n\t\t\t\t\t<\/div>\n\t\t<\/section>\n\t\t\t\t<\/div>\n\t\t","protected":false},"excerpt":{"rendered":"<p>S&#8217;abonner \u00e0 la lettre d&#8217;information Vous vous int\u00e9ressez aux activit\u00e9s du PS ? Nous vous tenons volontiers au courant. Abonnez-vous \u00e0 notre lettre d\u2019informations et recevez r\u00e9guli\u00e8rement des nouvelles sur [&hellip;]<\/p>\n","protected":false},"author":1,"featured_media":0,"parent":0,"menu_order":7,"comment_status":"closed","ping_status":"closed","template":"","meta":{"footnotes":""},"class_list":["post-35134","page","type-page","status-publish","hentry"],"_links":{"self":[{"href":"https:\/\/sf.spbe.ch\/fr\/wp-json\/wp\/v2\/pages\/35134","targetHints":{"allow":["GET"]}}],"collection":[{"href":"https:\/\/sf.spbe.ch\/fr\/wp-json\/wp\/v2\/pages"}],"about":[{"href":"https:\/\/sf.spbe.ch\/fr\/wp-json\/wp\/v2\/types\/page"}],"author":[{"embeddable":true,"href":"https:\/\/sf.spbe.ch\/fr\/wp-json\/wp\/v2\/users\/1"}],"replies":[{"embeddable":true,"href":"https:\/\/sf.spbe.ch\/fr\/wp-json\/wp\/v2\/comments?post=35134"}],"version-history":[{"count":2,"href":"https:\/\/sf.spbe.ch\/fr\/wp-json\/wp\/v2\/pages\/35134\/revisions"}],"predecessor-version":[{"id":83803,"href":"https:\/\/sf.spbe.ch\/fr\/wp-json\/wp\/v2\/pages\/35134\/revisions\/83803"}],"wp:attachment":[{"href":"https:\/\/sf.spbe.ch\/fr\/wp-json\/wp\/v2\/media?parent=35134"}],"curies":[{"name":"wp","href":"https:\/\/api.w.org\/{rel}","templated":true}]}}